{"id":104,"date":"2023-08-24T07:04:59","date_gmt":"2023-08-24T07:04:59","guid":{"rendered":"https:\/\/kingsdown.com.vn\/?page_id=104"},"modified":"2023-08-25T04:12:34","modified_gmt":"2023-08-25T04:12:34","slug":"prime-cheyenne-firm","status":"publish","type":"page","link":"https:\/\/kingsdown.com.vn\/vi\/products\/prime-cheyenne-firm\/","title":{"rendered":"Prime Cheyenne Firm"},"content":{"rendered":"","protected":false},"excerpt":{"rendered":"<p>N\u1ec7m Prime c\u00f3 nhi\u1ec1u ki\u1ec3u d\u00e1ng t\u1eeb c\u1ee9ng \u0111\u1ebfn sang tr\u1ecdng \u0111\u1ec3 \u0111\u00e1p \u1ee9ng s\u1edf th\u00edch tho\u1ea3i m\u00e1i c\u1ee7a t\u1eebng c\u00e1 nh\u00e2n. T\u1ea5t c\u1ea3 c\u00e1c lo\u1ea1i n\u1ec7m Prime \u0111\u1ec1u c\u00f3 v\u1ecf v\u00e0 b\u1ecdc ch\u1ea7n g\u00f2n ch\u1ea5t l\u01b0\u1ee3ng v\u1edbi l\u00f2 xo t\u00fai \u0111\u1ed9c l\u1eadp.<\/p>","protected":false},"author":1,"featured_media":53,"parent":20,"menu_order":0,"comment_status":"closed","ping_status":"closed","template":"","meta":{"_seopress_robots_primary_cat":"","footnotes":""},"class_list":["post-104","page","type-page","status-publish","has-post-thumbnail","hentry"],"acf":[],"_links":{"self":[{"href":"https:\/\/kingsdown.com.vn\/vi\/wp-json\/wp\/v2\/pages\/104","targetHints":{"allow":["GET"]}}],"collection":[{"href":"https:\/\/kingsdown.com.vn\/vi\/wp-json\/wp\/v2\/pages"}],"about":[{"href":"https:\/\/kingsdown.com.vn\/vi\/wp-json\/wp\/v2\/types\/page"}],"author":[{"embeddable":true,"href":"https:\/\/kingsdown.com.vn\/vi\/wp-json\/wp\/v2\/users\/1"}],"replies":[{"embeddable":true,"href":"https:\/\/kingsdown.com.vn\/vi\/wp-json\/wp\/v2\/comments?post=104"}],"version-history":[{"count":0,"href":"https:\/\/kingsdown.com.vn\/vi\/wp-json\/wp\/v2\/pages\/104\/revisions"}],"up":[{"embeddable":true,"href":"https:\/\/kingsdown.com.vn\/vi\/wp-json\/wp\/v2\/pages\/20"}],"wp:featuredmedia":[{"embeddable":true,"href":"https:\/\/kingsdown.com.vn\/vi\/wp-json\/wp\/v2\/media\/53"}],"wp:attachment":[{"href":"https:\/\/kingsdown.com.vn\/vi\/wp-json\/wp\/v2\/media?parent=104"}],"curies":[{"name":"wp","href":"https:\/\/api.w.org\/{rel}","templated":true}]}}