{"id":106,"date":"2023-08-24T07:05:09","date_gmt":"2023-08-24T07:05:09","guid":{"rendered":"https:\/\/kingsdown.com.vn\/?page_id=106"},"modified":"2023-08-25T04:10:49","modified_gmt":"2023-08-25T04:10:49","slug":"prime-gallatree-hybrid","status":"publish","type":"page","link":"https:\/\/kingsdown.com.vn\/vi\/products\/prime-gallatree-hybrid\/","title":{"rendered":"Prime Gallatree Hybrid"},"content":{"rendered":"","protected":false},"excerpt":{"rendered":"<p>N\u1ec7m Kingsdown Prime s\u1edf h\u1eefu ch\u1ea5t l\u01b0\u1ee3ng v\u00e0 c\u00e1c t\u00ednh n\u0103ng kh\u00f4ng th\u1ec3 t\u00ecm th\u1ea5y \u1edf c\u00e1c lo\u1ea1i n\u1ec7m kh\u00e1c trong c\u00f9ng t\u1ea7m gi\u00e1. \u0110i\u1ec1u n\u00e0y t\u1ea1o n\u00ean gi\u00e1 tr\u1ecb v\u01b0\u1ee3t tr\u1ed9i cho Prime. C\u00e1c s\u1ee3i gel l\u00e0m m\u00e1t v\u00e0 h\u1ec7 th\u1ed1ng l\u00f2 xo \u0111a c\u1ea5p gi\u00fap gi\u1ea3m \u00e1p v\u00e0 h\u1ed7 tr\u1ee3 c\u00e1c nhu c\u1ea7u c\u1ee7a c\u01a1 th\u1ec3 b\u1ea1n.<\/p>","protected":false},"author":1,"featured_media":140,"parent":20,"menu_order":0,"comment_status":"closed","ping_status":"closed","template":"","meta":{"_seopress_robots_primary_cat":"","footnotes":""},"class_list":["post-106","page","type-page","status-publish","has-post-thumbnail","hentry"],"acf":[],"_links":{"self":[{"href":"https:\/\/kingsdown.com.vn\/vi\/wp-json\/wp\/v2\/pages\/106","targetHints":{"allow":["GET"]}}],"collection":[{"href":"https:\/\/kingsdown.com.vn\/vi\/wp-json\/wp\/v2\/pages"}],"about":[{"href":"https:\/\/kingsdown.com.vn\/vi\/wp-json\/wp\/v2\/types\/page"}],"author":[{"embeddable":true,"href":"https:\/\/kingsdown.com.vn\/vi\/wp-json\/wp\/v2\/users\/1"}],"replies":[{"embeddable":true,"href":"https:\/\/kingsdown.com.vn\/vi\/wp-json\/wp\/v2\/comments?post=106"}],"version-history":[{"count":0,"href":"https:\/\/kingsdown.com.vn\/vi\/wp-json\/wp\/v2\/pages\/106\/revisions"}],"up":[{"embeddable":true,"href":"https:\/\/kingsdown.com.vn\/vi\/wp-json\/wp\/v2\/pages\/20"}],"wp:featuredmedia":[{"embeddable":true,"href":"https:\/\/kingsdown.com.vn\/vi\/wp-json\/wp\/v2\/media\/140"}],"wp:attachment":[{"href":"https:\/\/kingsdown.com.vn\/vi\/wp-json\/wp\/v2\/media?parent=106"}],"curies":[{"name":"wp","href":"https:\/\/api.w.org\/{rel}","templated":true}]}}