{"id":351,"date":"2023-08-25T04:00:44","date_gmt":"2023-08-25T04:00:44","guid":{"rendered":"https:\/\/kingsdown.com.vn\/?page_id=351"},"modified":"2023-08-25T04:11:15","modified_gmt":"2023-08-25T04:11:15","slug":"passions-beckingham-plush-hybrid","status":"publish","type":"page","link":"https:\/\/kingsdown.com.vn\/vi\/products\/passions-beckingham-plush-hybrid\/","title":{"rendered":"Passions Beckingham Plush Hybrid"},"content":{"rendered":"","protected":false},"excerpt":{"rendered":"<p>N\u1ec7m Kingsdown Passions Beckingham Plush Hybrid k\u1ebft h\u1ee3p c\u00e1c t\u00ednh n\u0103ng ti\u00ean ti\u1ebfn nh\u01b0 h\u1ec7 th\u1ed1ng l\u00f2 xo 3 v\u00f9ng h\u1ed7 tr\u1ee3 v\u00e0 m\u00fat \u0111\u1ec3 t\u0103ng c\u01b0\u1eddng s\u1ef1 tho\u1ea3i m\u00e1i khi n\u1eb1m. N\u1ec7m c\u00f3 b\u1ed5 sung c\u00e1c l\u1edbp m\u00fat Gel Comfort Flex Plush v\u00e0 l\u1edbp ch\u1ea7n tr\u00ean, gi\u00fap t\u1ed1i \u01b0u h\u00f3a kh\u1ea3 n\u0103ng gi\u1ea3m \u00e1p l\u1ef1c l\u00ean c\u01a1 th\u1ec3, \u0111i\u1ec1u m\u00e0 nh\u1eefng ng\u01b0\u1eddi t\u00ecm ki\u1ebfm t\u1ea5m n\u1ec7m v\u1edbi ti\u00eau ch\u00ed h\u1ed7 tr\u1ee3 t\u01b0 th\u1ebf t\u1ed1t nh\u1ea5t mong mu\u1ed1n.<\/p>","protected":false},"author":1,"featured_media":143,"parent":20,"menu_order":0,"comment_status":"closed","ping_status":"closed","template":"","meta":{"_seopress_robots_primary_cat":"","footnotes":""},"class_list":["post-351","page","type-page","status-publish","has-post-thumbnail","hentry"],"acf":[],"_links":{"self":[{"href":"https:\/\/kingsdown.com.vn\/vi\/wp-json\/wp\/v2\/pages\/351","targetHints":{"allow":["GET"]}}],"collection":[{"href":"https:\/\/kingsdown.com.vn\/vi\/wp-json\/wp\/v2\/pages"}],"about":[{"href":"https:\/\/kingsdown.com.vn\/vi\/wp-json\/wp\/v2\/types\/page"}],"author":[{"embeddable":true,"href":"https:\/\/kingsdown.com.vn\/vi\/wp-json\/wp\/v2\/users\/1"}],"replies":[{"embeddable":true,"href":"https:\/\/kingsdown.com.vn\/vi\/wp-json\/wp\/v2\/comments?post=351"}],"version-history":[{"count":0,"href":"https:\/\/kingsdown.com.vn\/vi\/wp-json\/wp\/v2\/pages\/351\/revisions"}],"up":[{"embeddable":true,"href":"https:\/\/kingsdown.com.vn\/vi\/wp-json\/wp\/v2\/pages\/20"}],"wp:featuredmedia":[{"embeddable":true,"href":"https:\/\/kingsdown.com.vn\/vi\/wp-json\/wp\/v2\/media\/143"}],"wp:attachment":[{"href":"https:\/\/kingsdown.com.vn\/vi\/wp-json\/wp\/v2\/media?parent=351"}],"curies":[{"name":"wp","href":"https:\/\/api.w.org\/{rel}","templated":true}]}}