{"id":356,"date":"2023-08-25T04:04:33","date_gmt":"2023-08-25T04:04:33","guid":{"rendered":"https:\/\/kingsdown.com.vn\/?page_id=356"},"modified":"2023-08-25T04:11:07","modified_gmt":"2023-08-25T04:11:07","slug":"latex-valioso-plush","status":"publish","type":"page","link":"https:\/\/kingsdown.com.vn\/vi\/products\/latex-valioso-plush\/","title":{"rendered":"Latex Valioso Plush"},"content":{"rendered":"","protected":false},"excerpt":{"rendered":"<p>Valioso l\u00e0 m\u1ed9t t\u1ea5m n\u1ec7m ho\u00e0n to\u00e0n b\u1eb1ng m\u00fat k\u1ebft h\u1ee3p nhi\u1ec1u l\u1edbp Cao su. Cao su l\u00e0 lo\u1ea1i m\u00fat n\u1ec7m c\u00f3 tu\u1ed5i th\u1ecd cao nh\u1ea5t, ho\u00e0n to\u00e0n l\u00e0 t\u1ef1 nhi\u00ean v\u00e0 mang \u0111\u1ebfn c\u1ea3m gi\u00e1c cao c\u1ea5p cho t\u1ea5m n\u1ec7m. L\u1edbp v\u1ea3i b\u1ecdc Fresh Comfort v\u1edbi ch\u1ea5t li\u1ec7u l\u00e0m t\u1eeb s\u1ee3i t\u01a1 t\u1eb1m \/ len v\u00e0 m\u00fat gel s\u1ebd gi\u00fap \u0111i\u1ec1u ch\u1ec9nh nhi\u1ec7t \u0111\u1ed9 c\u01a1 th\u1ec3. Valioso Plush l\u00e0 t\u1ea5m n\u1ec7mr\u1ea5t ph\u00f9 h\u1ee3p c\u1ea3 cho ng\u01b0\u1eddi n\u1eb1m ng\u1eeda ho\u1eb7c nghi\u00eang.<\/p>","protected":false},"author":1,"featured_media":141,"parent":20,"menu_order":0,"comment_status":"closed","ping_status":"closed","template":"","meta":{"_seopress_robots_primary_cat":"","footnotes":""},"class_list":["post-356","page","type-page","status-publish","has-post-thumbnail","hentry"],"acf":[],"_links":{"self":[{"href":"https:\/\/kingsdown.com.vn\/vi\/wp-json\/wp\/v2\/pages\/356","targetHints":{"allow":["GET"]}}],"collection":[{"href":"https:\/\/kingsdown.com.vn\/vi\/wp-json\/wp\/v2\/pages"}],"about":[{"href":"https:\/\/kingsdown.com.vn\/vi\/wp-json\/wp\/v2\/types\/page"}],"author":[{"embeddable":true,"href":"https:\/\/kingsdown.com.vn\/vi\/wp-json\/wp\/v2\/users\/1"}],"replies":[{"embeddable":true,"href":"https:\/\/kingsdown.com.vn\/vi\/wp-json\/wp\/v2\/comments?post=356"}],"version-history":[{"count":0,"href":"https:\/\/kingsdown.com.vn\/vi\/wp-json\/wp\/v2\/pages\/356\/revisions"}],"up":[{"embeddable":true,"href":"https:\/\/kingsdown.com.vn\/vi\/wp-json\/wp\/v2\/pages\/20"}],"wp:featuredmedia":[{"embeddable":true,"href":"https:\/\/kingsdown.com.vn\/vi\/wp-json\/wp\/v2\/media\/141"}],"wp:attachment":[{"href":"https:\/\/kingsdown.com.vn\/vi\/wp-json\/wp\/v2\/media?parent=356"}],"curies":[{"name":"wp","href":"https:\/\/api.w.org\/{rel}","templated":true}]}}