{"id":359,"date":"2023-08-25T04:06:17","date_gmt":"2023-08-25T04:06:17","guid":{"rendered":"https:\/\/kingsdown.com.vn\/?page_id=359"},"modified":"2023-08-25T04:10:59","modified_gmt":"2023-08-25T04:10:59","slug":"vernon-estates-euro-pillowtop","status":"publish","type":"page","link":"https:\/\/kingsdown.com.vn\/vi\/products\/vernon-estates-euro-pillowtop\/","title":{"rendered":"Vernon Estates Euro Pillowtop"},"content":{"rendered":"","protected":false},"excerpt":{"rendered":"<p>N\u1ec7m Vernon Estates Eurotop \u0111\u01b0\u1ee3c l\u00e0m th\u1ee7 c\u00f4ng b\u1eb1ng len l\u00f4ng c\u1eebu, b\u00f4ng tinh khi\u1ebft, l\u00f4ng ng\u1ef1a v\u00e0 v\u1ea3i len t\u1eeb l\u00f4ng l\u1ea1c \u0111\u00e0 alpaca c\u00f3 t\u00e1c d\u1ee5ng lo\u1ea1i b\u1ecf \u0111\u1ed9 \u1ea9m v\u00e0 c\u00e2n b\u1eb1ng nhi\u1ec7t \u0111\u1ed9 c\u01a1 th\u1ec3. Bao g\u1ed3m h\u1ed7 tr\u1ee3 trung t\u00e2m sau \u0111i\u1ec1u ch\u1ec9nh, m\u00fat ph\u00e2n t\u00e1ch chuy\u1ec3n \u0111\u1ed9ng, l\u00f2 xo chuy\u1ec3n ti\u1ebfp v\u1edbi h\u1ed7 tr\u1ee3 v\u00f9ng v\u00e0 lu\u1ed3ng kh\u00f4ng kh\u00ed bao quanh to\u00e0n b\u1ed9 c\u01a1 th\u1ec3 \u0111\u1ec3 cho ph\u00e9p kh\u00f4ng kh\u00ed l\u01b0u th\u00f4ng t\u1ef1 do.<\/p>","protected":false},"author":1,"featured_media":142,"parent":20,"menu_order":0,"comment_status":"closed","ping_status":"closed","template":"","meta":{"_seopress_robots_primary_cat":"","footnotes":""},"class_list":["post-359","page","type-page","status-publish","has-post-thumbnail","hentry"],"acf":[],"_links":{"self":[{"href":"https:\/\/kingsdown.com.vn\/vi\/wp-json\/wp\/v2\/pages\/359","targetHints":{"allow":["GET"]}}],"collection":[{"href":"https:\/\/kingsdown.com.vn\/vi\/wp-json\/wp\/v2\/pages"}],"about":[{"href":"https:\/\/kingsdown.com.vn\/vi\/wp-json\/wp\/v2\/types\/page"}],"author":[{"embeddable":true,"href":"https:\/\/kingsdown.com.vn\/vi\/wp-json\/wp\/v2\/users\/1"}],"replies":[{"embeddable":true,"href":"https:\/\/kingsdown.com.vn\/vi\/wp-json\/wp\/v2\/comments?post=359"}],"version-history":[{"count":0,"href":"https:\/\/kingsdown.com.vn\/vi\/wp-json\/wp\/v2\/pages\/359\/revisions"}],"up":[{"embeddable":true,"href":"https:\/\/kingsdown.com.vn\/vi\/wp-json\/wp\/v2\/pages\/20"}],"wp:featuredmedia":[{"embeddable":true,"href":"https:\/\/kingsdown.com.vn\/vi\/wp-json\/wp\/v2\/media\/142"}],"wp:attachment":[{"href":"https:\/\/kingsdown.com.vn\/vi\/wp-json\/wp\/v2\/media?parent=359"}],"curies":[{"name":"wp","href":"https:\/\/api.w.org\/{rel}","templated":true}]}}